{"id":234,"date":"2026-02-20T09:57:09","date_gmt":"2026-02-20T09:57:09","guid":{"rendered":"https:\/\/cdt-batiment-france.fr\/?page_id=234"},"modified":"2026-03-19T08:56:16","modified_gmt":"2026-03-19T08:56:16","slug":"mention-legales","status":"publish","type":"page","link":"https:\/\/cdt-batiment-france.fr\/index.php\/mention-legales\/","title":{"rendered":"Mention l\u00e9gales"},"content":{"rendered":"\t\t<div data-elementor-type=\"wp-page\" data-elementor-id=\"234\" class=\"elementor elementor-234\">\n\t\t\t\t<div class=\"elementor-element elementor-element-aa38d81 e-con-full e-flex e-con e-parent\" data-id=\"aa38d81\" data-element_type=\"container\" data-e-type=\"container\">\n\t\t\t\t<div class=\"elementor-element elementor-element-7783522 elementor-widget elementor-widget-heading\" data-id=\"7783522\" data-element_type=\"widget\" data-e-type=\"widget\" data-widget_type=\"heading.default\">\n\t\t\t\t\t<h2 class=\"elementor-heading-title elementor-size-default\">Mention l\u00e9gales <\/h2>\t\t\t\t<\/div>\n\t\t\t\t<\/div>\n\t\t<div class=\"elementor-element elementor-element-59b0b94 e-con-full e-flex e-con e-parent\" data-id=\"59b0b94\" data-element_type=\"container\" data-e-type=\"container\">\n\t\t\t\t<div class=\"elementor-element elementor-element-6e8f675 elementor-widget elementor-widget-text-editor\" data-id=\"6e8f675\" data-element_type=\"widget\" data-e-type=\"widget\" data-widget_type=\"text-editor.default\">\n\t\t\t\t\t\t\t\t\t<p><span style=\"color: #000000;\">Le site internet https:\/\/cdt-batiment-france.fr\/ est \u00e9dit\u00e9 par la soci\u00e9t\u00e9 CDT, soci\u00e9t\u00e9 par actions simplifi\u00e9e, immatricul\u00e9e au Registre national des entreprises sous le num\u00e9ro 981874787. Son si\u00e8ge social est situ\u00e9 All\u00e9e Jean Rostand 94470 Boissy-Saint-L\u00e9ger. <\/span><br \/><span style=\"color: #000000;\">Le Directeur de la Publication est Monsieur Cherif AID, en qualit\u00e9 de Pr\u00e9sident.<\/span><br \/><span style=\"color: #000000;\">E-mail : admi.cdt@outlook.fr <\/span><br \/><span style=\"color: #000000;\">T\u00e9l\u00e9phone : 0651771405<\/span><br \/><span style=\"color: #000000;\">Directeur de la publication :<\/span><br \/><span style=\"color: #000000;\">Monsieur Cherif AID, Pr\u00e9sident de la soci\u00e9t\u00e9 par actions simplifi\u00e9e CDT, immatricul\u00e9e au Registre national des entreprises sous le num\u00e9ro 981874787. Son si\u00e8ge social est situ\u00e9 All\u00e9e Jean Rostand 94470 Boissy-Saint-L\u00e9ger.<\/span><\/p><p><span style=\"color: #000000;\">Cr\u00e9dit photos :<\/span><br \/><span style=\"color: #000000;\">Monsieur Cherif AID, Pr\u00e9sident de la soci\u00e9t\u00e9 par actions simplifi\u00e9e CDT, immatricul\u00e9e au Registre national des entreprises sous le num\u00e9ro 981874787. Son si\u00e8ge social est situ\u00e9 All\u00e9e Jean Rostand 94470 Boissy-Saint-L\u00e9ger.<\/span><\/p><p><span style=\"color: #000000;\">H\u00c9BERGEMENT<\/span><br \/><span style=\"color: #000000;\">Le pr\u00e9sent site internet est h\u00e9berg\u00e9 par la soci\u00e9t\u00e9 :<\/span><\/p><p><span style=\"color: #000000;\">OVH <\/span><br \/><span style=\"color: #000000;\">SAS au capital de 50 000 000 \u20ac<\/span><br \/><span style=\"color: #000000;\">RCS Lille M\u00e9tropole 424 761 419 00045<\/span><br \/><span style=\"color: #000000;\">Si\u00e8ge social : 2 rue Kellermann &#8211; 59100 Roubaix &#8211; France<\/span><\/p>\t\t\t\t\t\t\t\t<\/div>\n\t\t\t\t<\/div>\n\t\t\t\t<\/div>\n\t\t","protected":false},"excerpt":{"rendered":"<p>Mention l\u00e9gales Le site internet https:\/\/cdt-batiment-france.fr\/ est \u00e9dit\u00e9 par la soci\u00e9t\u00e9 CDT, soci\u00e9t\u00e9 par actions simplifi\u00e9e, immatricul\u00e9e au Registre national [&hellip;]<\/p>\n","protected":false},"author":1,"featured_media":228,"parent":0,"menu_order":0,"comment_status":"closed","ping_status":"closed","template":"","meta":{"_uag_custom_page_level_css":"","site-sidebar-layout":"no-sidebar","site-content-layout":"","ast-site-content-layout":"full-width-container","site-content-style":"default","site-sidebar-style":"default","ast-global-header-display":"","ast-banner-title-visibility":"","ast-main-header-display":"","ast-hfb-above-header-display":"","ast-hfb-below-header-display":"","ast-hfb-mobile-header-display":"","site-post-title":"disabled","ast-breadcrumbs-content":"","ast-featured-img":"disabled","footer-sml-layout":"","ast-disable-related-posts":"","theme-transparent-header-meta":"","adv-header-id-meta":"","stick-header-meta":"","header-above-stick-meta":"","header-main-stick-meta":"","header-below-stick-meta":"","astra-migrate-meta-layouts":"default","ast-page-background-enabled":"default","ast-page-background-meta":{"desktop":{"background-color":"var(--ast-global-color-5)","background-image":"","background-repeat":"repeat","background-position":"center center","background-size":"auto","background-attachment":"scroll","background-type":"","background-media":"","overlay-type":"","overlay-color":"","overlay-opacity":"","overlay-gradient":""},"tablet":{"background-color":"","background-image":"","background-repeat":"repeat","background-position":"center center","background-size":"auto","background-attachment":"scroll","background-type":"","background-media":"","overlay-type":"","overlay-color":"","overlay-opacity":"","overlay-gradient":""},"mobile":{"background-color":"","background-image":"","background-repeat":"repeat","background-position":"center center","background-size":"auto","background-attachment":"scroll","background-type":"","background-media":"","overlay-type":"","overlay-color":"","overlay-opacity":"","overlay-gradient":""}},"ast-content-background-meta":{"desktop":{"background-color":"var(--ast-global-color-4)","background-image":"","background-repeat":"repeat","background-position":"center center","background-size":"auto","background-attachment":"scroll","background-type":"","background-media":"","overlay-type":"","overlay-color":"","overlay-opacity":"","overlay-gradient":""},"tablet":{"background-color":"var(--ast-global-color-4)","background-image":"","background-repeat":"repeat","background-position":"center center","background-size":"auto","background-attachment":"scroll","background-type":"","background-media":"","overlay-type":"","overlay-color":"","overlay-opacity":"","overlay-gradient":""},"mobile":{"background-color":"var(--ast-global-color-4)","background-image":"","background-repeat":"repeat","background-position":"center center","background-size":"auto","background-attachment":"scroll","background-type":"","background-media":"","overlay-type":"","overlay-color":"","overlay-opacity":"","overlay-gradient":""}},"footnotes":""},"class_list":["post-234","page","type-page","status-publish","has-post-thumbnail","hentry"],"yoast_head":"<!-- This site is optimized with the Yoast SEO plugin v27.2 - https:\/\/yoast.com\/product\/yoast-seo-wordpress\/ -->\n<title>Mention l\u00e9gales - CDT<\/title>\n<meta name=\"description\" content=\"Mentions l\u00e9gales du site CDT : informations sur l\u2019\u00e9diteur, l\u2019h\u00e9bergement, la propri\u00e9t\u00e9 intellectuelle et les conditions d\u2019utilisation du site.\" \/>\n<meta name=\"robots\" content=\"index, follow, max-snippet:-1, max-image-preview:large, max-video-preview:-1\" \/>\n<link rel=\"canonical\" href=\"https:\/\/cdt-batiment-france.fr\/index.php\/mention-legales\/\" \/>\n<meta property=\"og:locale\" content=\"fr_FR\" \/>\n<meta property=\"og:type\" content=\"article\" \/>\n<meta property=\"og:title\" content=\"Mention l\u00e9gales - CDT\" \/>\n<meta property=\"og:description\" content=\"Mentions l\u00e9gales du site CDT : informations sur l\u2019\u00e9diteur, l\u2019h\u00e9bergement, la propri\u00e9t\u00e9 intellectuelle et les conditions d\u2019utilisation du site.\" \/>\n<meta property=\"og:url\" content=\"https:\/\/cdt-batiment-france.fr\/index.php\/mention-legales\/\" \/>\n<meta property=\"article:modified_time\" content=\"2026-03-19T08:56:16+00:00\" \/>\n<meta property=\"og:image\" content=\"https:\/\/cdt-batiment-france.fr\/wp-content\/uploads\/2026\/02\/cropped-cdt_logo_horizontal_1200.png\" \/>\n\t<meta property=\"og:image:width\" content=\"512\" \/>\n\t<meta property=\"og:image:height\" content=\"512\" \/>\n\t<meta property=\"og:image:type\" content=\"image\/png\" \/>\n<meta name=\"twitter:card\" content=\"summary_large_image\" \/>\n<meta name=\"twitter:label1\" content=\"Dur\u00e9e de lecture estim\u00e9e\" \/>\n\t<meta name=\"twitter:data1\" content=\"1 minute\" \/>\n<script type=\"application\/ld+json\" class=\"yoast-schema-graph\">{\"@context\":\"https:\/\/schema.org\",\"@graph\":[{\"@type\":\"WebPage\",\"@id\":\"https:\/\/cdt-batiment-france.fr\/index.php\/mention-legales\/\",\"url\":\"https:\/\/cdt-batiment-france.fr\/index.php\/mention-legales\/\",\"name\":\"Mention l\u00e9gales - CDT\",\"isPartOf\":{\"@id\":\"https:\/\/cdt-batiment-france.fr\/#website\"},\"primaryImageOfPage\":{\"@id\":\"https:\/\/cdt-batiment-france.fr\/index.php\/mention-legales\/#primaryimage\"},\"image\":{\"@id\":\"https:\/\/cdt-batiment-france.fr\/index.php\/mention-legales\/#primaryimage\"},\"thumbnailUrl\":\"https:\/\/cdt-batiment-france.fr\/wp-content\/uploads\/2026\/02\/cropped-cdt_logo_horizontal_1200.png\",\"datePublished\":\"2026-02-20T09:57:09+00:00\",\"dateModified\":\"2026-03-19T08:56:16+00:00\",\"description\":\"Mentions l\u00e9gales du site CDT : informations sur l\u2019\u00e9diteur, l\u2019h\u00e9bergement, la propri\u00e9t\u00e9 intellectuelle et les conditions d\u2019utilisation du site.\",\"breadcrumb\":{\"@id\":\"https:\/\/cdt-batiment-france.fr\/index.php\/mention-legales\/#breadcrumb\"},\"inLanguage\":\"fr-FR\",\"potentialAction\":[{\"@type\":\"ReadAction\",\"target\":[\"https:\/\/cdt-batiment-france.fr\/index.php\/mention-legales\/\"]}]},{\"@type\":\"ImageObject\",\"inLanguage\":\"fr-FR\",\"@id\":\"https:\/\/cdt-batiment-france.fr\/index.php\/mention-legales\/#primaryimage\",\"url\":\"https:\/\/cdt-batiment-france.fr\/wp-content\/uploads\/2026\/02\/cropped-cdt_logo_horizontal_1200.png\",\"contentUrl\":\"https:\/\/cdt-batiment-france.fr\/wp-content\/uploads\/2026\/02\/cropped-cdt_logo_horizontal_1200.png\",\"width\":512,\"height\":512},{\"@type\":\"BreadcrumbList\",\"@id\":\"https:\/\/cdt-batiment-france.fr\/index.php\/mention-legales\/#breadcrumb\",\"itemListElement\":[{\"@type\":\"ListItem\",\"position\":1,\"name\":\"Accueil\",\"item\":\"https:\/\/cdt-batiment-france.fr\/\"},{\"@type\":\"ListItem\",\"position\":2,\"name\":\"Mention l\u00e9gales\"}]},{\"@type\":\"WebSite\",\"@id\":\"https:\/\/cdt-batiment-france.fr\/#website\",\"url\":\"https:\/\/cdt-batiment-france.fr\/\",\"name\":\"\",\"description\":\"\",\"potentialAction\":[{\"@type\":\"SearchAction\",\"target\":{\"@type\":\"EntryPoint\",\"urlTemplate\":\"https:\/\/cdt-batiment-france.fr\/?s={search_term_string}\"},\"query-input\":{\"@type\":\"PropertyValueSpecification\",\"valueRequired\":true,\"valueName\":\"search_term_string\"}}],\"inLanguage\":\"fr-FR\"}]}<\/script>\n<!-- \/ Yoast SEO plugin. -->","yoast_head_json":{"title":"Mention l\u00e9gales - CDT","description":"Mentions l\u00e9gales du site CDT : informations sur l\u2019\u00e9diteur, l\u2019h\u00e9bergement, la propri\u00e9t\u00e9 intellectuelle et les conditions d\u2019utilisation du site.","robots":{"index":"index","follow":"follow","max-snippet":"max-snippet:-1","max-image-preview":"max-image-preview:large","max-video-preview":"max-video-preview:-1"},"canonical":"https:\/\/cdt-batiment-france.fr\/index.php\/mention-legales\/","og_locale":"fr_FR","og_type":"article","og_title":"Mention l\u00e9gales - CDT","og_description":"Mentions l\u00e9gales du site CDT : informations sur l\u2019\u00e9diteur, l\u2019h\u00e9bergement, la propri\u00e9t\u00e9 intellectuelle et les conditions d\u2019utilisation du site.","og_url":"https:\/\/cdt-batiment-france.fr\/index.php\/mention-legales\/","article_modified_time":"2026-03-19T08:56:16+00:00","og_image":[{"width":512,"height":512,"url":"https:\/\/cdt-batiment-france.fr\/wp-content\/uploads\/2026\/02\/cropped-cdt_logo_horizontal_1200.png","type":"image\/png"}],"twitter_card":"summary_large_image","twitter_misc":{"Dur\u00e9e de lecture estim\u00e9e":"1 minute"},"schema":{"@context":"https:\/\/schema.org","@graph":[{"@type":"WebPage","@id":"https:\/\/cdt-batiment-france.fr\/index.php\/mention-legales\/","url":"https:\/\/cdt-batiment-france.fr\/index.php\/mention-legales\/","name":"Mention l\u00e9gales - CDT","isPartOf":{"@id":"https:\/\/cdt-batiment-france.fr\/#website"},"primaryImageOfPage":{"@id":"https:\/\/cdt-batiment-france.fr\/index.php\/mention-legales\/#primaryimage"},"image":{"@id":"https:\/\/cdt-batiment-france.fr\/index.php\/mention-legales\/#primaryimage"},"thumbnailUrl":"https:\/\/cdt-batiment-france.fr\/wp-content\/uploads\/2026\/02\/cropped-cdt_logo_horizontal_1200.png","datePublished":"2026-02-20T09:57:09+00:00","dateModified":"2026-03-19T08:56:16+00:00","description":"Mentions l\u00e9gales du site CDT : informations sur l\u2019\u00e9diteur, l\u2019h\u00e9bergement, la propri\u00e9t\u00e9 intellectuelle et les conditions d\u2019utilisation du site.","breadcrumb":{"@id":"https:\/\/cdt-batiment-france.fr\/index.php\/mention-legales\/#breadcrumb"},"inLanguage":"fr-FR","potentialAction":[{"@type":"ReadAction","target":["https:\/\/cdt-batiment-france.fr\/index.php\/mention-legales\/"]}]},{"@type":"ImageObject","inLanguage":"fr-FR","@id":"https:\/\/cdt-batiment-france.fr\/index.php\/mention-legales\/#primaryimage","url":"https:\/\/cdt-batiment-france.fr\/wp-content\/uploads\/2026\/02\/cropped-cdt_logo_horizontal_1200.png","contentUrl":"https:\/\/cdt-batiment-france.fr\/wp-content\/uploads\/2026\/02\/cropped-cdt_logo_horizontal_1200.png","width":512,"height":512},{"@type":"BreadcrumbList","@id":"https:\/\/cdt-batiment-france.fr\/index.php\/mention-legales\/#breadcrumb","itemListElement":[{"@type":"ListItem","position":1,"name":"Accueil","item":"https:\/\/cdt-batiment-france.fr\/"},{"@type":"ListItem","position":2,"name":"Mention l\u00e9gales"}]},{"@type":"WebSite","@id":"https:\/\/cdt-batiment-france.fr\/#website","url":"https:\/\/cdt-batiment-france.fr\/","name":"","description":"","potentialAction":[{"@type":"SearchAction","target":{"@type":"EntryPoint","urlTemplate":"https:\/\/cdt-batiment-france.fr\/?s={search_term_string}"},"query-input":{"@type":"PropertyValueSpecification","valueRequired":true,"valueName":"search_term_string"}}],"inLanguage":"fr-FR"}]}},"uagb_featured_image_src":{"full":["https:\/\/cdt-batiment-france.fr\/wp-content\/uploads\/2026\/02\/cropped-cdt_logo_horizontal_1200.png",512,512,false],"thumbnail":["https:\/\/cdt-batiment-france.fr\/wp-content\/uploads\/2026\/02\/cropped-cdt_logo_horizontal_1200-150x150.png",150,150,true],"medium":["https:\/\/cdt-batiment-france.fr\/wp-content\/uploads\/2026\/02\/cropped-cdt_logo_horizontal_1200-300x300.png",300,300,true],"medium_large":["https:\/\/cdt-batiment-france.fr\/wp-content\/uploads\/2026\/02\/cropped-cdt_logo_horizontal_1200.png",512,512,false],"large":["https:\/\/cdt-batiment-france.fr\/wp-content\/uploads\/2026\/02\/cropped-cdt_logo_horizontal_1200.png",512,512,false],"1536x1536":["https:\/\/cdt-batiment-france.fr\/wp-content\/uploads\/2026\/02\/cropped-cdt_logo_horizontal_1200.png",512,512,false],"2048x2048":["https:\/\/cdt-batiment-france.fr\/wp-content\/uploads\/2026\/02\/cropped-cdt_logo_horizontal_1200.png",512,512,false]},"uagb_author_info":{"display_name":"admin6659","author_link":"https:\/\/cdt-batiment-france.fr\/index.php\/author\/admin6659\/"},"uagb_comment_info":0,"uagb_excerpt":"Mention l\u00e9gales Le site internet https:\/\/cdt-batiment-france.fr\/ est \u00e9dit\u00e9 par la soci\u00e9t\u00e9 CDT, soci\u00e9t\u00e9 par actions simplifi\u00e9e, immatricul\u00e9e au Registre national [&hellip;]","_links":{"self":[{"href":"https:\/\/cdt-batiment-france.fr\/index.php\/wp-json\/wp\/v2\/pages\/234","targetHints":{"allow":["GET"]}}],"collection":[{"href":"https:\/\/cdt-batiment-france.fr\/index.php\/wp-json\/wp\/v2\/pages"}],"about":[{"href":"https:\/\/cdt-batiment-france.fr\/index.php\/wp-json\/wp\/v2\/types\/page"}],"author":[{"embeddable":true,"href":"https:\/\/cdt-batiment-france.fr\/index.php\/wp-json\/wp\/v2\/users\/1"}],"replies":[{"embeddable":true,"href":"https:\/\/cdt-batiment-france.fr\/index.php\/wp-json\/wp\/v2\/comments?post=234"}],"version-history":[{"count":11,"href":"https:\/\/cdt-batiment-france.fr\/index.php\/wp-json\/wp\/v2\/pages\/234\/revisions"}],"predecessor-version":[{"id":258,"href":"https:\/\/cdt-batiment-france.fr\/index.php\/wp-json\/wp\/v2\/pages\/234\/revisions\/258"}],"wp:featuredmedia":[{"embeddable":true,"href":"https:\/\/cdt-batiment-france.fr\/index.php\/wp-json\/wp\/v2\/media\/228"}],"wp:attachment":[{"href":"https:\/\/cdt-batiment-france.fr\/index.php\/wp-json\/wp\/v2\/media?parent=234"}],"curies":[{"name":"wp","href":"https:\/\/api.w.org\/{rel}","templated":true}]}}